{"id":80,"date":"2021-04-06T17:39:29","date_gmt":"2021-04-06T17:39:29","guid":{"rendered":"https:\/\/tragtracespur.net\/?page_id=80"},"modified":"2021-04-08T11:30:55","modified_gmt":"2021-04-08T11:30:55","slug":"up-the-stairs-behind-doors-out-the-window","status":"publish","type":"page","link":"https:\/\/tragtracespur.net\/index.php\/up-the-stairs-behind-doors-out-the-window\/","title":{"rendered":"Stairs, Doors, Windows"},"content":{"rendered":"\n<h4 class=\"wp-block-heading\">Up The Stairs, Behind Doors, Out The Window<\/h4>\n\n\n\n<p>In <em>Up The Stairs, Behind Doors, Out The Window<\/em> M\u00fcller, \u0160imi\u010di\u0107 Mihanovi\u0107, and Ventilato juxtapose the longing for the comfort of a homely shelter with the urge to break out of constricting familiar confines, looking for escape routes.<\/p>\n\n\n\n<figure class=\"wp-block-embed is-type-video is-provider-youtube wp-block-embed-youtube wp-embed-aspect-16-9 wp-has-aspect-ratio\"><div class=\"wp-block-embed__wrapper\">\n<iframe loading=\"lazy\" title=\"TRAILER - Po stepenicama, iza vrata, kroz prozor\" width=\"750\" height=\"422\" src=\"https:\/\/www.youtube.com\/embed\/kEENIiT4I0k?feature=oembed\" frameborder=\"0\" allow=\"accelerometer; autoplay; clipboard-write; encrypted-media; gyroscope; picture-in-picture\" allowfullscreen><\/iframe>\n<\/div><figcaption>Up The Stairs, Behind Doors, Out The Window, Trailer, 1min<\/figcaption><\/figure>\n\n\n\n<p><em><a href=\"https:\/\/tragtracespur.net\/index.php\/trag-trace-spur\/\">Trag \/ Trace \/ Spur<\/a><\/em> served as the layout for <em>Up the Stairs, Behind Doors, Out the Window<\/em>, chasing the primordial human need to leave traces in a constantly changing world.<\/p>\n\n\n\n<p>Exploring the possibilities of the three media combined, the three artists have developed a technique that allows them to go beyond a mere multimedia experiment, and to evoke possible narratives around space and structure.<\/p>\n\n\n\n<p>The performances feature selected special guests, such as Croatian artists Tanja Minarik (Video), Ema Abad\u017eieva (English Horn) and Branko Nikoli\u0107 (Prepared Piano). Swiss opera director Alvaro Schoeck will collaborate with the trio from a conceptual point of view.<\/p>\n\n\n\n<figure class=\"wp-block-embed is-type-video is-provider-youtube wp-block-embed-youtube wp-embed-aspect-16-9 wp-has-aspect-ratio\"><div class=\"wp-block-embed__wrapper\">\n<iframe loading=\"lazy\" title=\"Up the Stairs, Behind Doors, out the Window\" width=\"750\" height=\"422\" src=\"https:\/\/www.youtube.com\/embed\/GyQrRkrXuLk?feature=oembed\" frameborder=\"0\" allow=\"accelerometer; autoplay; clipboard-write; encrypted-media; gyroscope; picture-in-picture\" allowfullscreen><\/iframe>\n<\/div><figcaption><em>Up The Stairs, Behind Doors, Out The Window<\/em>, December 2013, SC Zagreb<\/figcaption><\/figure>\n\n\n\n<p>Supported by<br>Zagreb City Council for Education, Culture and Sport Ministry of Culture of Republic of Croatia<\/p>\n\n\n\n<p>Co-production<\/p>\n\n\n\n<p>Student Centre in Zagreb, University of Zagreb-Cultural Department, Culture of Change &#8211; &amp;TD Theatre<\/p>\n\n\n\n<p>Dance_Lab Collective<br>Zrinka \u0160imi\u010di\u0107 Mihanovi\u0107<br>In cooperation with CULTURESCAPES, supported by the Swiss Art Council Pro Helvetia<\/p>\n","protected":false},"excerpt":{"rendered":"<p>Up The Stairs, Behind Doors, Out The Window In Up The Stairs, Behind Doors, Out The Window M\u00fcller, \u0160imi\u010di\u0107 Mihanovi\u0107, and Ventilato juxtapose the longing for the comfort of a homely shelter with the urge to break out of constricting familiar confines, looking for escape routes. Trag \/ Trace \/ Spur served as the layout&hellip; <a class=\"more-link\" href=\"https:\/\/tragtracespur.net\/index.php\/up-the-stairs-behind-doors-out-the-window\/\">Continue reading <span class=\"screen-reader-text\">Stairs, Doors, Windows<\/span><\/a><\/p>\n","protected":false},"author":1,"featured_media":0,"parent":0,"menu_order":0,"comment_status":"closed","ping_status":"closed","template":"","meta":{"slim_seo":{"title":"Up The Stairs, Behind Doors, Out The Window - Performance","description":"M\u00fcller, \u0160imi\u010di\u0107 Mihanovi\u0107, and Ventilato juxtapose the longing for the comfort of a homely shelter with the urge to break out of constricting familiar confines."},"footnotes":""},"class_list":["post-80","page","type-page","status-publish","hentry","entry"],"_links":{"self":[{"href":"https:\/\/tragtracespur.net\/index.php\/wp-json\/wp\/v2\/pages\/80","targetHints":{"allow":["GET"]}}],"collection":[{"href":"https:\/\/tragtracespur.net\/index.php\/wp-json\/wp\/v2\/pages"}],"about":[{"href":"https:\/\/tragtracespur.net\/index.php\/wp-json\/wp\/v2\/types\/page"}],"author":[{"embeddable":true,"href":"https:\/\/tragtracespur.net\/index.php\/wp-json\/wp\/v2\/users\/1"}],"replies":[{"embeddable":true,"href":"https:\/\/tragtracespur.net\/index.php\/wp-json\/wp\/v2\/comments?post=80"}],"version-history":[{"count":9,"href":"https:\/\/tragtracespur.net\/index.php\/wp-json\/wp\/v2\/pages\/80\/revisions"}],"predecessor-version":[{"id":145,"href":"https:\/\/tragtracespur.net\/index.php\/wp-json\/wp\/v2\/pages\/80\/revisions\/145"}],"wp:attachment":[{"href":"https:\/\/tragtracespur.net\/index.php\/wp-json\/wp\/v2\/media?parent=80"}],"curies":[{"name":"wp","href":"https:\/\/api.w.org\/{rel}","templated":true}]}}