{"id":148,"date":"2021-10-20T22:11:50","date_gmt":"2021-10-20T22:11:50","guid":{"rendered":"https:\/\/tragtracespur.net\/?page_id=148"},"modified":"2022-09-29T00:37:50","modified_gmt":"2022-09-29T00:37:50","slug":"canopy-shyness","status":"publish","type":"page","link":"https:\/\/tragtracespur.net\/index.php\/canopy-shyness\/","title":{"rendered":"Canopy Shyness"},"content":{"rendered":"\n<h4 class=\"wp-block-heading\">Canopy Shyness (Stidljivost Drve\u0107a)<\/h4>\n\n\n\n<div style=\"height:20px\" aria-hidden=\"true\" class=\"wp-block-spacer\"><\/div>\n\n\n\n<p>Live animation, dance, text and music are combined in this 40 minutes long multimedia performance, created at Cultural Center New Zagreb, Croatia, in 2021. It is also the continuation of Zrinka \u0160imi\u010di\u0107 Mihanovi\u0107&#8217;s and Michaela M\u00fcller&#8217;s collaboration in creating scenic work. <\/p>\n\n\n\n<figure class=\"wp-block-embed is-type-video is-provider-youtube wp-block-embed-youtube wp-embed-aspect-16-9 wp-has-aspect-ratio\"><div class=\"wp-block-embed__wrapper\">\n<iframe loading=\"lazy\" title=\"Stidljivost Drve\u0107a \/ Canopy Shyness - Teaser\" width=\"750\" height=\"422\" src=\"https:\/\/www.youtube.com\/embed\/VUruydSUZ5E?feature=oembed\" frameborder=\"0\" allow=\"accelerometer; autoplay; clipboard-write; encrypted-media; gyroscope; picture-in-picture\" allowfullscreen><\/iframe>\n<\/div><figcaption>Canopy Shyness &#8211; teaser<\/figcaption><\/figure>\n\n\n\n<p>Canopy Shyness brings together four artists from different, yet close fields of activity, with a desire to meet in \u201cno one\u2019s and everyone\u2019s space in between\u201d, contributing motives such as fear of the other, the need to protect oneself, and the inability to do so, roots and wandering, empathy and respect.<\/p>\n\n\n\n<div style=\"height:20px\" aria-hidden=\"true\" class=\"wp-block-spacer\"><\/div>\n\n\n\n<figure class=\"wp-block-image size-large is-style-default\"><img loading=\"lazy\" decoding=\"async\" width=\"1024\" height=\"683\" src=\"https:\/\/tragtracespur.net\/wp-content\/uploads\/2021\/10\/DSC5362-1024x683.jpg\" alt=\"\" class=\"wp-image-150\" srcset=\"https:\/\/tragtracespur.net\/wp-content\/uploads\/2021\/10\/DSC5362-1024x683.jpg 1024w, https:\/\/tragtracespur.net\/wp-content\/uploads\/2021\/10\/DSC5362-300x200.jpg 300w, https:\/\/tragtracespur.net\/wp-content\/uploads\/2021\/10\/DSC5362-768x512.jpg 768w, https:\/\/tragtracespur.net\/wp-content\/uploads\/2021\/10\/DSC5362.jpg 1080w\" sizes=\"auto, (max-width: 1024px) 100vw, 1024px\" \/><figcaption>Canopy Shyness \u2013 Michaela M\u00fcller and Zrinka \u0160imi\u010di\u0107, photo by Jasenko Rasol<\/figcaption><\/figure>\n\n\n\n<div style=\"height:20px\" aria-hidden=\"true\" class=\"wp-block-spacer\"><\/div>\n\n\n\n<h4 class=\"wp-block-heading\">Authors<\/h4>\n\n\n\n<p>Dubravko Mihanovi\u0107 \u0160imi\u010di\u0107 &#8211; text<br>Michaela M\u00fcller &#8211; live animation<br>Zrinka \u0160imi\u010di\u0107 Mihanovi\u0107 &#8211; dance<br>Filip \u0160ovagovi\u0107 &#8211; voice and music<\/p>\n\n\n\n<div style=\"height:20px\" aria-hidden=\"true\" class=\"wp-block-spacer\"><\/div>\n\n\n\n<p>The poetic monologue written by Dubravko Mihanovi\u0107 \u0160imi\u010di\u0107 is broken in the narrative, and kaleidoscopic in the images that appear and disappear. Melting into the float of a dream; they are carried by the voice of Filip \u0160ovagovi\u0107, with touches of his original music performed on acoustic guitar, offering the dancer Zrinka \u0160imi\u010di\u0107 Mihanovi\u0107 a rhythmic structure interspersed with silences. Her dance is a response which in return stimulates text, music and image. It inspires Michaela M\u00fcller\u2019s animations, which are being created live during the performance, and projected on the walls. Using simple objects, the animation creates amazing, dreamy scenes in constant motion, combining all segments into one performance piece.<\/p>\n\n\n\n<div style=\"height:20px\" aria-hidden=\"true\" class=\"wp-block-spacer\"><\/div>\n\n\n\n<p>Premiere: Oct 29, 2021, 8pm<br>Additional performances on Oct 30, Nov 2, Nov 3, Nov 4, at 8pm<br>Gallery Vladimir Bu\u017ean\u010di\u0107, Cultural Center New Zagreb, <br>Trg Narodne za\u0161tite 2, 10000 Zagreb, Croatia<\/p>\n\n\n\n<div style=\"height:20px\" aria-hidden=\"true\" class=\"wp-block-spacer\"><\/div>\n\n\n\n<p>Co-production:&nbsp;<a href=\"https:\/\/multimedijalnakoliba.hr\/en\/home-2\/\" target=\"_blank\" rel=\"noreferrer noopener\">Multimedia Hut<\/a>&nbsp;and Play\/Pause \u2013 Paint Film, M\u00fcller<br>In collaboration with the&nbsp;<a href=\"https:\/\/czk-novi-zagreb.hr\/\" target=\"_blank\" rel=\"noreferrer noopener\">Cultural Center New Zagreb<\/a>.&nbsp;<\/p>\n\n\n\n<div style=\"height:20px\" aria-hidden=\"true\" class=\"wp-block-spacer\"><\/div>\n\n\n\n<p>The project has been supported by: Ministarstvo kulture i medija RH, Grad Zagreb, Kulturf\u00f6rderung Kanton St.Gallen.<\/p>\n\n\n\n<div style=\"height:20px\" aria-hidden=\"true\" class=\"wp-block-spacer\"><\/div>\n\n\n\n<figure class=\"wp-block-image size-large is-style-default\"><img loading=\"lazy\" decoding=\"async\" width=\"1024\" height=\"683\" src=\"https:\/\/tragtracespur.net\/wp-content\/uploads\/2021\/10\/Stidljivost-drve-a_fotograf-Jasenko-Rasol-5-1024x683.jpg\" alt=\"Stidljivost-drveca_fotograf-Jasenko-Rasol-5\" class=\"wp-image-151\" srcset=\"https:\/\/tragtracespur.net\/wp-content\/uploads\/2021\/10\/Stidljivost-drve-a_fotograf-Jasenko-Rasol-5-1024x683.jpg 1024w, https:\/\/tragtracespur.net\/wp-content\/uploads\/2021\/10\/Stidljivost-drve-a_fotograf-Jasenko-Rasol-5-300x200.jpg 300w, https:\/\/tragtracespur.net\/wp-content\/uploads\/2021\/10\/Stidljivost-drve-a_fotograf-Jasenko-Rasol-5-768x512.jpg 768w, https:\/\/tragtracespur.net\/wp-content\/uploads\/2021\/10\/Stidljivost-drve-a_fotograf-Jasenko-Rasol-5.jpg 1080w\" sizes=\"auto, (max-width: 1024px) 100vw, 1024px\" \/><figcaption>Canopy Shyness &#8211; Filip \u0160ovagovi\u0107, photo by Jasenko Rasol<\/figcaption><\/figure>\n\n\n\n<figure class=\"wp-block-image size-large is-style-default\"><img loading=\"lazy\" decoding=\"async\" width=\"1024\" height=\"683\" src=\"https:\/\/tragtracespur.net\/wp-content\/uploads\/2021\/10\/Stidljivost-drve-a_fotograf-Jasenko-Rasol-3-1024x683.jpg\" alt=\"Canopy Shyness\" class=\"wp-image-152\" srcset=\"https:\/\/tragtracespur.net\/wp-content\/uploads\/2021\/10\/Stidljivost-drve-a_fotograf-Jasenko-Rasol-3-1024x683.jpg 1024w, https:\/\/tragtracespur.net\/wp-content\/uploads\/2021\/10\/Stidljivost-drve-a_fotograf-Jasenko-Rasol-3-300x200.jpg 300w, https:\/\/tragtracespur.net\/wp-content\/uploads\/2021\/10\/Stidljivost-drve-a_fotograf-Jasenko-Rasol-3-768x512.jpg 768w, https:\/\/tragtracespur.net\/wp-content\/uploads\/2021\/10\/Stidljivost-drve-a_fotograf-Jasenko-Rasol-3.jpg 1080w\" sizes=\"auto, (max-width: 1024px) 100vw, 1024px\" \/><figcaption>Canopy Shyness- Zrinka \u0160imi\u010di\u0107, photo by Jasenko Rasol<\/figcaption><\/figure>\n\n\n\n<figure class=\"wp-block-image size-large is-style-default\"><img loading=\"lazy\" decoding=\"async\" width=\"1024\" height=\"652\" src=\"https:\/\/tragtracespur.net\/wp-content\/uploads\/2021\/10\/Stidljivost-drve-a_fotograf-Jasenko-Rasol-2-1024x652.jpg\" alt=\"Stidljivost-drve-a_fotograf-Jasenko-Rasol-2\" class=\"wp-image-161\" srcset=\"https:\/\/tragtracespur.net\/wp-content\/uploads\/2021\/10\/Stidljivost-drve-a_fotograf-Jasenko-Rasol-2-1024x652.jpg 1024w, https:\/\/tragtracespur.net\/wp-content\/uploads\/2021\/10\/Stidljivost-drve-a_fotograf-Jasenko-Rasol-2-300x191.jpg 300w, https:\/\/tragtracespur.net\/wp-content\/uploads\/2021\/10\/Stidljivost-drve-a_fotograf-Jasenko-Rasol-2-768x489.jpg 768w, https:\/\/tragtracespur.net\/wp-content\/uploads\/2021\/10\/Stidljivost-drve-a_fotograf-Jasenko-Rasol-2.jpg 1080w\" sizes=\"auto, (max-width: 1024px) 100vw, 1024px\" \/><figcaption>Canopy Shyness &#8211; live animation, photo by Jasenko Rasol<\/figcaption><\/figure>\n","protected":false},"excerpt":{"rendered":"<p>Canopy Shyness (Stidljivost Drve\u0107a) Live animation, dance, text and music are combined in this 40 minutes long multimedia performance, created at Cultural Center New Zagreb, Croatia, in 2021. It is also the continuation of Zrinka \u0160imi\u010di\u0107 Mihanovi\u0107&#8217;s and Michaela M\u00fcller&#8217;s collaboration in creating scenic work. Canopy Shyness brings together four artists from different, yet close&hellip; <a class=\"more-link\" href=\"https:\/\/tragtracespur.net\/index.php\/canopy-shyness\/\">Continue reading <span class=\"screen-reader-text\">Canopy Shyness<\/span><\/a><\/p>\n","protected":false},"author":1,"featured_media":0,"parent":0,"menu_order":0,"comment_status":"closed","ping_status":"closed","template":"","meta":{"slim_seo":{"title":"Canopy Shyness (Stidljivost Drve\u0107a) - Multimedia Performance","description":"Multimedia performance combining live animation, dance, text and music. Authors: Dubravko Mihanovi\u0107, Michaela M\u00fcller, Zrinka \u0160imi\u010di\u0107, Filip \u0160ovagovi\u0107","facebook_image":"https:\/\/tragtracespur.net\/wp-content\/uploads\/2021\/10\/Stidljivost-drve-a_fotograf-Jasenko-Rasol-3.jpg","twitter_image":"https:\/\/tragtracespur.net\/wp-content\/uploads\/2021\/10\/Stidljivost-drve-a_fotograf-Jasenko-Rasol-3.jpg"},"footnotes":""},"class_list":["post-148","page","type-page","status-publish","hentry","entry"],"_links":{"self":[{"href":"https:\/\/tragtracespur.net\/index.php\/wp-json\/wp\/v2\/pages\/148","targetHints":{"allow":["GET"]}}],"collection":[{"href":"https:\/\/tragtracespur.net\/index.php\/wp-json\/wp\/v2\/pages"}],"about":[{"href":"https:\/\/tragtracespur.net\/index.php\/wp-json\/wp\/v2\/types\/page"}],"author":[{"embeddable":true,"href":"https:\/\/tragtracespur.net\/index.php\/wp-json\/wp\/v2\/users\/1"}],"replies":[{"embeddable":true,"href":"https:\/\/tragtracespur.net\/index.php\/wp-json\/wp\/v2\/comments?post=148"}],"version-history":[{"count":15,"href":"https:\/\/tragtracespur.net\/index.php\/wp-json\/wp\/v2\/pages\/148\/revisions"}],"predecessor-version":[{"id":186,"href":"https:\/\/tragtracespur.net\/index.php\/wp-json\/wp\/v2\/pages\/148\/revisions\/186"}],"wp:attachment":[{"href":"https:\/\/tragtracespur.net\/index.php\/wp-json\/wp\/v2\/media?parent=148"}],"curies":[{"name":"wp","href":"https:\/\/api.w.org\/{rel}","templated":true}]}}