{"id":105,"date":"2021-04-07T15:41:40","date_gmt":"2021-04-07T15:41:40","guid":{"rendered":"https:\/\/tragtracespur.net\/?page_id=105"},"modified":"2021-04-08T11:27:45","modified_gmt":"2021-04-08T11:27:45","slug":"trag-trace-spur","status":"publish","type":"page","link":"https:\/\/tragtracespur.net\/index.php\/trag-trace-spur\/","title":{"rendered":"Trag \/ Trace \/ Spur"},"content":{"rendered":"\n<h4 class=\"wp-block-heading\">Trag \/ Trace \/ Spur<\/h4>\n\n\n\n<p><em>Trag \/ Trace \/ Spur<\/em>\u00a0is an experimental performance combining live dance, animation and sound. It was developed and performed in September 2012 at the Zagreb Museum of Contemporary Art.<\/p>\n\n\n\n<figure class=\"wp-block-embed is-type-video is-provider-youtube wp-block-embed-youtube wp-embed-aspect-16-9 wp-has-aspect-ratio\"><div class=\"wp-block-embed__wrapper\">\n<iframe loading=\"lazy\" title=\"Trag\/Trace\/Spur Trailer.mov\" width=\"750\" height=\"422\" src=\"https:\/\/www.youtube.com\/embed\/2nK3XcJ0ex4?feature=oembed\" frameborder=\"0\" allow=\"accelerometer; autoplay; clipboard-write; encrypted-media; gyroscope; picture-in-picture\" allowfullscreen><\/iframe>\n<\/div><figcaption><em>Trag \/ Trace \/ Spur,<\/em> Trailer, 3min 40s<\/figcaption><\/figure>\n\n\n\n<p>Three artists and three media meet in a performing space that is being constantly redefined by projections, sound and movement. In an interactive play they process the sensory input from the other performers through their own medium, thus creating inspirations for their collaborators. Dance, sound and visual material are mutually driving each other, celebrating movement and constant change: a performance full of creation and transience.<\/p>\n\n\n\n<figure class=\"wp-block-embed is-type-video is-provider-youtube wp-block-embed-youtube wp-embed-aspect-16-9 wp-has-aspect-ratio\"><div class=\"wp-block-embed__wrapper\">\n<iframe loading=\"lazy\" title=\"Performance 9pm Sept 28 2012 at the Zagreb Museum of Contemporary Art\" width=\"750\" height=\"422\" src=\"https:\/\/www.youtube.com\/embed\/zjC116IWRSA?feature=oembed\" frameborder=\"0\" allow=\"accelerometer; autoplay; clipboard-write; encrypted-media; gyroscope; picture-in-picture\" allowfullscreen><\/iframe>\n<\/div><figcaption><em>Trag \/ Trace \/ Spur,<\/em>&nbsp;Sept 28 2012, 9pm, MSU ZAGREB<br><\/figcaption><\/figure>\n\n\n\n<p>In 2013 the performance was invited to the closing ceremony of the <a href=\"https:\/\/www.animateka.si\/2020\/en\/\">Animateka<\/a> Festival in Ljubljana, with a special focus on dance and animation.<\/p>\n\n\n\n<p>Production<br>Zagreb Museum of Contemporary Art<br>Michaela M\u00fcller<br>Zrinka \u0160imi\u010di\u0107 Mihanovi\u0107 Dance_Lab Collective<\/p>\n\n\n\n<p>Supported by<br>Kulturf\u00f6rderung Kanton St. Gallen<br>Ministry of Culture of Republic of Croatia<br>the Swiss Arts Council Pro Helvetia<br>Zagreb City Office for Education, Culture and Sports<br>with help from SC University Zagreb \u2013 Culture of Change \u2013 ITD Theatre<\/p>\n\n\n\n<p>Special thanks to<br>Tihomir Milovac, Silvija Stipanov, Ivana Me\u0161trov, Irma Omerzo, Dubravko Mihanovi\u0107, Roman Elsener, Mirna Petreti\u0107, Aleksandar Battista Ili\u0107, Sanda Vrlji\u010dak, Marijana Plazibat, Vesna Roha\u010dek, Christian Nobel, Zrinka U\u017ebinec and Eks-scena<\/p>\n","protected":false},"excerpt":{"rendered":"<p>Trag \/ Trace \/ Spur Trag \/ Trace \/ Spur\u00a0is an experimental performance combining live dance, animation and sound. It was developed and performed in September 2012 at the Zagreb Museum of Contemporary Art. Three artists and three media meet in a performing space that is being constantly redefined by projections, sound and movement. In&hellip; <a class=\"more-link\" href=\"https:\/\/tragtracespur.net\/index.php\/trag-trace-spur\/\">Continue reading <span class=\"screen-reader-text\">Trag \/ Trace \/ Spur<\/span><\/a><\/p>\n","protected":false},"author":1,"featured_media":0,"parent":0,"menu_order":0,"comment_status":"closed","ping_status":"closed","template":"","meta":{"slim_seo":{"title":"Trag \/ Trace \/ Spur - Multimedia Performance","description":"Trag \/ Trace \/ Spur is an experimental performance combining live dance, animation and sound.","facebook_image":"https:\/\/tragtracespur.net\/wp-content\/uploads\/2021\/03\/5T9C3542.jpeg","twitter_image":"https:\/\/tragtracespur.net\/wp-content\/uploads\/2021\/03\/5T9C3542.jpeg"},"footnotes":""},"class_list":["post-105","page","type-page","status-publish","hentry","entry"],"_links":{"self":[{"href":"https:\/\/tragtracespur.net\/index.php\/wp-json\/wp\/v2\/pages\/105","targetHints":{"allow":["GET"]}}],"collection":[{"href":"https:\/\/tragtracespur.net\/index.php\/wp-json\/wp\/v2\/pages"}],"about":[{"href":"https:\/\/tragtracespur.net\/index.php\/wp-json\/wp\/v2\/types\/page"}],"author":[{"embeddable":true,"href":"https:\/\/tragtracespur.net\/index.php\/wp-json\/wp\/v2\/users\/1"}],"replies":[{"embeddable":true,"href":"https:\/\/tragtracespur.net\/index.php\/wp-json\/wp\/v2\/comments?post=105"}],"version-history":[{"count":3,"href":"https:\/\/tragtracespur.net\/index.php\/wp-json\/wp\/v2\/pages\/105\/revisions"}],"predecessor-version":[{"id":143,"href":"https:\/\/tragtracespur.net\/index.php\/wp-json\/wp\/v2\/pages\/105\/revisions\/143"}],"wp:attachment":[{"href":"https:\/\/tragtracespur.net\/index.php\/wp-json\/wp\/v2\/media?parent=105"}],"curies":[{"name":"wp","href":"https:\/\/api.w.org\/{rel}","templated":true}]}}